{"id":223,"date":"2020-12-14T17:09:49","date_gmt":"2020-12-14T16:09:49","guid":{"rendered":"http:\/\/bmv.sciencespo-lille.eu\/?page_id=223"},"modified":"2025-12-12T12:58:09","modified_gmt":"2025-12-12T11:58:09","slug":"voyage-detude","status":"publish","type":"page","link":"https:\/\/bmv.sciencespo-lille.eu\/index.php\/voyage-detude\/","title":{"rendered":"Voyage d&rsquo;\u00e9tude"},"content":{"rendered":"\n<ul class=\"wp-block-list\">\n<li><strong>En cinqui\u00e8me ann\u00e9e, les \u00e9tudiantes et les \u00e9tudiants se rendent pendant une semaine dans une r\u00e9gion viticole. <\/strong><\/li>\n<\/ul>\n\n\n\n<p>En juin 2025, 17 \u00e9tudiantes ont travaill\u00e9 et s\u00e9journ\u00e9 pendant une semaine au Domaine de la Tour du Bon (Agn\u00e8s Henry), au Castellet, au c\u0153ur de l&rsquo;appellation Bandol. Elles ont \u00e9galement utilis\u00e9 leur s\u00e9cateur dans les vignes de Ch\u00e2teau Pibarnon (Eric de Saint Victor) et de Ch\u00e2teau Canadel (Laure et Vianney Benoist). Au petit matin, d\u00e8s 6h, les sagattes (\u00e9bourgeonnage en Provence) \u00e9taient au programme. Les \u00e9tudiantes ont aussi d\u00e9couvert les activit\u00e9s des Grandes Tables \u00e0 la Friche de la Belle de Mai \u00e0 Marseille (Fabrice Lextrait et Marie-Jos\u00e9e Ordener). <\/p>\n\n\n\n<figure class=\"wp-block-image size-large\"><img fetchpriority=\"high\" decoding=\"async\" width=\"1024\" height=\"768\" src=\"https:\/\/bmv.sciencespo-lille.eu\/wp-content\/uploads\/2025\/12\/IMG_4349-1024x768.jpg\" alt=\"\" class=\"wp-image-597\" srcset=\"https:\/\/bmv.sciencespo-lille.eu\/wp-content\/uploads\/2025\/12\/IMG_4349-1024x768.jpg 1024w, https:\/\/bmv.sciencespo-lille.eu\/wp-content\/uploads\/2025\/12\/IMG_4349-300x225.jpg 300w, https:\/\/bmv.sciencespo-lille.eu\/wp-content\/uploads\/2025\/12\/IMG_4349-768x576.jpg 768w, https:\/\/bmv.sciencespo-lille.eu\/wp-content\/uploads\/2025\/12\/IMG_4349-1536x1152.jpg 1536w, https:\/\/bmv.sciencespo-lille.eu\/wp-content\/uploads\/2025\/12\/IMG_4349-2048x1536.jpg 2048w\" sizes=\"(max-width: 1024px) 100vw, 1024px\" \/><\/figure>\n\n\n\n<figure class=\"wp-block-image size-large\"><img decoding=\"async\" width=\"1024\" height=\"768\" src=\"https:\/\/bmv.sciencespo-lille.eu\/wp-content\/uploads\/2025\/12\/Bandol-groupe-1024x768.jpg\" alt=\"\" class=\"wp-image-596\" srcset=\"https:\/\/bmv.sciencespo-lille.eu\/wp-content\/uploads\/2025\/12\/Bandol-groupe-1024x768.jpg 1024w, https:\/\/bmv.sciencespo-lille.eu\/wp-content\/uploads\/2025\/12\/Bandol-groupe-300x225.jpg 300w, https:\/\/bmv.sciencespo-lille.eu\/wp-content\/uploads\/2025\/12\/Bandol-groupe-768x576.jpg 768w, https:\/\/bmv.sciencespo-lille.eu\/wp-content\/uploads\/2025\/12\/Bandol-groupe-1536x1152.jpg 1536w, https:\/\/bmv.sciencespo-lille.eu\/wp-content\/uploads\/2025\/12\/Bandol-groupe.jpg 2048w\" sizes=\"(max-width: 1024px) 100vw, 1024px\" \/><\/figure>\n\n\n\n<p>En juin 2024, 17 \u00e9tudiantes et \u00e9tudiants ont pass\u00e9 une semaine \u00e0 Aniane et Saint-Jean de Fos dans les Terrasses du Larzac en Languedoc. Le travail \u00e0 la vigne, t\u00f4t le matin, consistait \u00e0 \u00e9bourgeonner, palisser, piocher les syrahs, cinsaults et grenaches. Les domaines qui nous ont accueillis sont les suivants : Mas Combar\u00e8la (Olivier Faucon), La Jasse Castel (Pascale Rivi\u00e8re), Clos de la Barthassade (H\u00e9l\u00e8ne et Guillaume Baron). Nous avons \u00e9galement rencontr\u00e9 Guilhem Dard\u00e9 (Mas des Chim\u00e8res) et Jean-Baptiste Granier (Les Vignes Oubli\u00e9es).<\/p>\n\n\n\n<p>Romain Becker a enregistr\u00e9 un \u00e9pisode du podcast \u00ab Le bon grain de l\u2019ivresse \u00bb au Mas Combar\u00e8la, entour\u00e9 de la deuxi\u00e8me promotion BMV.<\/p>\n\n\n\n<p>En 2023, les 16 \u00e9l\u00e8ves ont pass\u00e9 une semaine \u00e0 Calce dans le Roussillon \u00e0 15 kilom\u00e8tres de Perpignan. Elles et ils ont particip\u00e9 aux travaux de la vigne (tressage, \u00e9pamprage, \u00e9bourgeonnage), et ont embouteill\u00e9 3600 cols. La mairie de Calce a pr\u00e9sent\u00e9 les enjeux climatiques li\u00e9s \u00e0 la gestion de l&rsquo;eau et \u00e0 la pr\u00e9vention des risques incendies. Les domaines suivants, proches de l&rsquo;esprit biodynamique et nature, ont accueilli la promotion :<\/p>\n\n\n\n<p>Perrine Loeuilleux, <em>Domaine de l&rsquo;\u00e2me bleue<\/em>&nbsp;; Virginie Maignien, <em>La Spanda <\/em>; Domaine Olivier Pithon ; Rapha\u00ebl Baissas de Chastenet,&nbsp;<em>Nada &#8211; Vandal Wine <\/em>; S\u00e9verin Badoz et Mathilde Ceccon, <em>Face B<\/em>; Nastassia, Jean et Victor Gardi\u00e8s, <em>Domaine Gardi\u00e8s<\/em>.<\/p>\n\n\n\n<ul class=\"wp-block-list\">\n<li><strong>En quatri\u00e8me ann\u00e9e, en avril, au lyc\u00e9e h\u00f4telier du Touquet pendant deux semaines (s\u00e9jour en internat)<\/strong><\/li>\n<\/ul>\n\n\n\n<figure class=\"wp-block-embed is-type-video is-provider-youtube wp-block-embed-youtube wp-embed-aspect-16-9 wp-has-aspect-ratio\"><div class=\"wp-block-embed__wrapper\">\n<p class=\"responsive-video-wrap clr\"><iframe title=\"Reportage Cycle master - majeure &quot;Boire, Manger, Vivre&quot;\" width=\"1200\" height=\"675\" src=\"https:\/\/www.youtube.com\/embed\/Nil5Jz1Szt4?start=1&#038;feature=oembed\" frameborder=\"0\" allow=\"accelerometer; autoplay; clipboard-write; encrypted-media; gyroscope; picture-in-picture; web-share\" referrerpolicy=\"strict-origin-when-cross-origin\" allowfullscreen><\/iframe><\/p>\n<\/div><figcaption class=\"wp-element-caption\">Reportage du journal de France 3 (avril 2022)<\/figcaption><\/figure>\n\n\n\n<figure class=\"wp-block-embed is-type-video is-provider-youtube wp-block-embed-youtube wp-embed-aspect-16-9 wp-has-aspect-ratio\"><div class=\"wp-block-embed__wrapper\">\n<p class=\"responsive-video-wrap clr\"><iframe title=\"Retour en images sur le stage au Lyc\u00e9e h\u00f4telier Le Touquet par la majeure BMV\" width=\"1200\" height=\"675\" src=\"https:\/\/www.youtube.com\/embed\/yLz86oDAJf0?feature=oembed\" frameborder=\"0\" allow=\"accelerometer; autoplay; clipboard-write; encrypted-media; gyroscope; picture-in-picture; web-share\" referrerpolicy=\"strict-origin-when-cross-origin\" allowfullscreen><\/iframe><\/p>\n<\/div><figcaption class=\"wp-element-caption\">Retour en images sur le stage au Lyc\u00e9e h\u00f4telier Le Touquet par la majeure BMV<\/figcaption><\/figure>\n\n\n\n<p>L&rsquo;\u00e9preuve finale consiste \u00e0 ouvrir un restaurant \u00e9ph\u00e9m\u00e8re et \u00e0 g\u00e9rer, en brigade, la mise en place, la cuisine et le service d&rsquo;un menu gastronomique pour une quarantaine de couverts avec l&rsquo;aide des \u00e9l\u00e8ves du lyc\u00e9e h\u00f4telier.<\/p>\n\n\n\n<p><\/p>\n\n\n\n<p><strong>Extrait du menu servi en 2022&nbsp;<\/strong><\/p>\n\n\n\n<p>     Couteaux et Saint-Jacques, sarrazin torr\u00e9fi\u00e9<br>     sauce vierge aux app\u00e9tits, amertume de pamplemousse<\/p>\n\n\n\n<p>     Queue de langoustine, transparence d&rsquo;asperge<br>     cr\u00e8me acidul\u00e9e, \u00e9cume de crustac\u00e9<\/p>\n\n\n\n<p>     Rillettes de maigre, petits pois menthe<br>     lait ferment\u00e9, milk-shake de k\u00e9fir de lait<\/p>\n\n\n\n<p>     Tartare de b\u0153uf et hu\u00eetres aux algues marines<br>     courgettes et radis en aigre doux<\/p>\n\n\n\n<p>     Ceviche de daurade aux salicornes croquantes<\/p>\n\n\n\n<p>     Betteraves crues et cuites, ch\u00e8vre frais, kvas de betteraves, pickles de radis et k\u00e9fir de fruits<\/p>\n\n\n\n<p>     Bar fum\u00e9 aux algues, riz sauvage au Nori<br>     beurre \u00e9mulsionn\u00e9 \u00e0 la spiruline<br>     tuile craquante \u00e0 l&rsquo;encre de seiche<\/p>\n\n\n\n<p>     Sabl\u00e9 \u00e9peautre, cr\u00e9meux chocolat, ganache caf\u00e9 et siphon de chocolat chaud<\/p>\n\n\n\n<hr class=\"wp-block-separator has-text-color has-css-opacity has-background is-style-wide\" style=\"background-color:#e6e6e6;color:#e6e6e6\"\/>\n\n\n\n<ul class=\"wp-block-list\">\n<li><strong>En cinqui\u00e8me ann\u00e9e, en juin, au lyc\u00e9e h\u00f4telier international de Lille pendant quatre jours.<\/strong>&nbsp;<\/li>\n<\/ul>\n\n\n\n<p>Il s&rsquo;agit d&rsquo;acqu\u00e9rir les techniques de base pour la confection du pain et de la p\u00e2tisserie.<\/p>\n\n\n\n<p><strong><span style=\"text-decoration: underline;\">Exemples de r\u00e9alisation en 2023<\/span><\/strong><\/p>\n\n\n<div class=\"wp-block-image\">\n<figure class=\"aligncenter size-large is-resized\"><img decoding=\"async\" width=\"1024\" height=\"683\" src=\"https:\/\/bmv.sciencespo-lille.eu\/wp-content\/uploads\/2024\/11\/LHIL-1024x683.jpg\" alt=\"\" class=\"wp-image-575\" style=\"width:459px;height:auto\" srcset=\"https:\/\/bmv.sciencespo-lille.eu\/wp-content\/uploads\/2024\/11\/LHIL-1024x683.jpg 1024w, https:\/\/bmv.sciencespo-lille.eu\/wp-content\/uploads\/2024\/11\/LHIL-300x200.jpg 300w, https:\/\/bmv.sciencespo-lille.eu\/wp-content\/uploads\/2024\/11\/LHIL-768x512.jpg 768w, https:\/\/bmv.sciencespo-lille.eu\/wp-content\/uploads\/2024\/11\/LHIL-1536x1024.jpg 1536w, https:\/\/bmv.sciencespo-lille.eu\/wp-content\/uploads\/2024\/11\/LHIL.jpg 1920w\" sizes=\"(max-width: 1024px) 100vw, 1024px\" \/><figcaption class=\"wp-element-caption\">La promotion 3 au lyc\u00e9e h\u00f4telier international de Lille le 24 juin 2024<\/figcaption><\/figure>\n<\/div>\n\n\n<p>     P\u00e2te lev\u00e9e feuillet\u00e9e, p\u00e2te \u00e0 brioche, p\u00e2te \u00e0 choux<\/p>\n\n\n\n<p>     Baguette, pain au levain, pain de campagne, pain de mie, pain viennois<\/p>\n\n\n\n<p>     Croissants, pains au chocolat<\/p>\n\n\n\n<p>     Millefeuille vanille, merveilleux sp\u00e9culoos<\/p>\n\n\n\n<p>     Fraisier, Paris-Brest, tartelettes citron meringu\u00e9es<\/p>\n\n\n\n<hr class=\"wp-block-separator has-text-color has-css-opacity has-background is-style-wide\" style=\"background-color:#e6e6e6;color:#e6e6e6\"\/>\n\n\n\n<p><\/p>\n\n\n<a href=\"https:\/\/bmv.sciencespo-lille.eu\/wp-content\/uploads\/2024\/11\/articleindependant-1.pdf\" class=\"pdfemb-viewer\" style=\"\" data-width=\"max\" data-height=\"max\" data-toolbar=\"bottom\" data-toolbar-fixed=\"off\">articleindependant-1<\/a>\n\n\n<p>Pour plus de d\u00e9tails, consulter le compte <a href=\"https:\/\/www.linkedin.com\/in\/beno%C3%AEt-lengaigne-400baa92\/?originalSubdomain=fr\">Linkedin de Beno\u00eet Lengaigne<\/a> et les comptes Instagram <a href=\"https:\/\/www.instagram.com\/bmv.aux.fourneaux\/\">bmv.aux.fournaux<\/a> et <a href=\"https:\/\/www.instagram.com\/boiremangervivre\/\" data-type=\"link\" data-id=\"https:\/\/www.instagram.com\/boiremangervivre\/\">boiremangervivre<\/a> :<\/p>\n\n\n\n<ul class=\"wp-block-social-links aligncenter is-layout-flex wp-block-social-links-is-layout-flex\"><li class=\"wp-social-link wp-social-link-linkedin  wp-block-social-link\"><a href=\"https:\/\/www.linkedin.com\/in\/beno%C3%AEt-lengaigne-400baa92\/?originalSubdomain=fr\" class=\"wp-block-social-link-anchor\"><svg width=\"24\" height=\"24\" viewBox=\"0 0 24 24\" version=\"1.1\" xmlns=\"http:\/\/www.w3.org\/2000\/svg\" aria-hidden=\"true\" focusable=\"false\"><path d=\"M19.7,3H4.3C3.582,3,3,3.582,3,4.3v15.4C3,20.418,3.582,21,4.3,21h15.4c0.718,0,1.3-0.582,1.3-1.3V4.3 C21,3.582,20.418,3,19.7,3z M8.339,18.338H5.667v-8.59h2.672V18.338z M7.004,8.574c-0.857,0-1.549-0.694-1.549-1.548 c0-0.855,0.691-1.548,1.549-1.548c0.854,0,1.547,0.694,1.547,1.548C8.551,7.881,7.858,8.574,7.004,8.574z M18.339,18.338h-2.669 v-4.177c0-0.996-0.017-2.278-1.387-2.278c-1.389,0-1.601,1.086-1.601,2.206v4.249h-2.667v-8.59h2.559v1.174h0.037 c0.356-0.675,1.227-1.387,2.526-1.387c2.703,0,3.203,1.779,3.203,4.092V18.338z\"><\/path><\/svg><span class=\"wp-block-social-link-label screen-reader-text\">LinkedIn<\/span><\/a><\/li>\n\n<li class=\"wp-social-link wp-social-link-instagram  wp-block-social-link\"><a href=\"https:\/\/www.instagram.com\/bmv.aux.fourneaux\/\" class=\"wp-block-social-link-anchor\"><svg width=\"24\" height=\"24\" viewBox=\"0 0 24 24\" version=\"1.1\" xmlns=\"http:\/\/www.w3.org\/2000\/svg\" aria-hidden=\"true\" focusable=\"false\"><path d=\"M12,4.622c2.403,0,2.688,0.009,3.637,0.052c0.877,0.04,1.354,0.187,1.671,0.31c0.42,0.163,0.72,0.358,1.035,0.673 c0.315,0.315,0.51,0.615,0.673,1.035c0.123,0.317,0.27,0.794,0.31,1.671c0.043,0.949,0.052,1.234,0.052,3.637 s-0.009,2.688-0.052,3.637c-0.04,0.877-0.187,1.354-0.31,1.671c-0.163,0.42-0.358,0.72-0.673,1.035 c-0.315,0.315-0.615,0.51-1.035,0.673c-0.317,0.123-0.794,0.27-1.671,0.31c-0.949,0.043-1.233,0.052-3.637,0.052 s-2.688-0.009-3.637-0.052c-0.877-0.04-1.354-0.187-1.671-0.31c-0.42-0.163-0.72-0.358-1.035-0.673 c-0.315-0.315-0.51-0.615-0.673-1.035c-0.123-0.317-0.27-0.794-0.31-1.671C4.631,14.688,4.622,14.403,4.622,12 s0.009-2.688,0.052-3.637c0.04-0.877,0.187-1.354,0.31-1.671c0.163-0.42,0.358-0.72,0.673-1.035 c0.315-0.315,0.615-0.51,1.035-0.673c0.317-0.123,0.794-0.27,1.671-0.31C9.312,4.631,9.597,4.622,12,4.622 M12,3 C9.556,3,9.249,3.01,8.289,3.054C7.331,3.098,6.677,3.25,6.105,3.472C5.513,3.702,5.011,4.01,4.511,4.511 c-0.5,0.5-0.808,1.002-1.038,1.594C3.25,6.677,3.098,7.331,3.054,8.289C3.01,9.249,3,9.556,3,12c0,2.444,0.01,2.751,0.054,3.711 c0.044,0.958,0.196,1.612,0.418,2.185c0.23,0.592,0.538,1.094,1.038,1.594c0.5,0.5,1.002,0.808,1.594,1.038 c0.572,0.222,1.227,0.375,2.185,0.418C9.249,20.99,9.556,21,12,21s2.751-0.01,3.711-0.054c0.958-0.044,1.612-0.196,2.185-0.418 c0.592-0.23,1.094-0.538,1.594-1.038c0.5-0.5,0.808-1.002,1.038-1.594c0.222-0.572,0.375-1.227,0.418-2.185 C20.99,14.751,21,14.444,21,12s-0.01-2.751-0.054-3.711c-0.044-0.958-0.196-1.612-0.418-2.185c-0.23-0.592-0.538-1.094-1.038-1.594 c-0.5-0.5-1.002-0.808-1.594-1.038c-0.572-0.222-1.227-0.375-2.185-0.418C14.751,3.01,14.444,3,12,3L12,3z M12,7.378 c-2.552,0-4.622,2.069-4.622,4.622S9.448,16.622,12,16.622s4.622-2.069,4.622-4.622S14.552,7.378,12,7.378z M12,15 c-1.657,0-3-1.343-3-3s1.343-3,3-3s3,1.343,3,3S13.657,15,12,15z M16.804,6.116c-0.596,0-1.08,0.484-1.08,1.08 s0.484,1.08,1.08,1.08c0.596,0,1.08-0.484,1.08-1.08S17.401,6.116,16.804,6.116z\"><\/path><\/svg><span class=\"wp-block-social-link-label screen-reader-text\">Instagram<\/span><\/a><\/li>\n\n<li class=\"wp-social-link wp-social-link-instagram  wp-block-social-link\"><a href=\"https:\/\/www.instagram.com\/boiremangervivre\/\" class=\"wp-block-social-link-anchor\"><svg width=\"24\" height=\"24\" viewBox=\"0 0 24 24\" version=\"1.1\" xmlns=\"http:\/\/www.w3.org\/2000\/svg\" aria-hidden=\"true\" focusable=\"false\"><path d=\"M12,4.622c2.403,0,2.688,0.009,3.637,0.052c0.877,0.04,1.354,0.187,1.671,0.31c0.42,0.163,0.72,0.358,1.035,0.673 c0.315,0.315,0.51,0.615,0.673,1.035c0.123,0.317,0.27,0.794,0.31,1.671c0.043,0.949,0.052,1.234,0.052,3.637 s-0.009,2.688-0.052,3.637c-0.04,0.877-0.187,1.354-0.31,1.671c-0.163,0.42-0.358,0.72-0.673,1.035 c-0.315,0.315-0.615,0.51-1.035,0.673c-0.317,0.123-0.794,0.27-1.671,0.31c-0.949,0.043-1.233,0.052-3.637,0.052 s-2.688-0.009-3.637-0.052c-0.877-0.04-1.354-0.187-1.671-0.31c-0.42-0.163-0.72-0.358-1.035-0.673 c-0.315-0.315-0.51-0.615-0.673-1.035c-0.123-0.317-0.27-0.794-0.31-1.671C4.631,14.688,4.622,14.403,4.622,12 s0.009-2.688,0.052-3.637c0.04-0.877,0.187-1.354,0.31-1.671c0.163-0.42,0.358-0.72,0.673-1.035 c0.315-0.315,0.615-0.51,1.035-0.673c0.317-0.123,0.794-0.27,1.671-0.31C9.312,4.631,9.597,4.622,12,4.622 M12,3 C9.556,3,9.249,3.01,8.289,3.054C7.331,3.098,6.677,3.25,6.105,3.472C5.513,3.702,5.011,4.01,4.511,4.511 c-0.5,0.5-0.808,1.002-1.038,1.594C3.25,6.677,3.098,7.331,3.054,8.289C3.01,9.249,3,9.556,3,12c0,2.444,0.01,2.751,0.054,3.711 c0.044,0.958,0.196,1.612,0.418,2.185c0.23,0.592,0.538,1.094,1.038,1.594c0.5,0.5,1.002,0.808,1.594,1.038 c0.572,0.222,1.227,0.375,2.185,0.418C9.249,20.99,9.556,21,12,21s2.751-0.01,3.711-0.054c0.958-0.044,1.612-0.196,2.185-0.418 c0.592-0.23,1.094-0.538,1.594-1.038c0.5-0.5,0.808-1.002,1.038-1.594c0.222-0.572,0.375-1.227,0.418-2.185 C20.99,14.751,21,14.444,21,12s-0.01-2.751-0.054-3.711c-0.044-0.958-0.196-1.612-0.418-2.185c-0.23-0.592-0.538-1.094-1.038-1.594 c-0.5-0.5-1.002-0.808-1.594-1.038c-0.572-0.222-1.227-0.375-2.185-0.418C14.751,3.01,14.444,3,12,3L12,3z M12,7.378 c-2.552,0-4.622,2.069-4.622,4.622S9.448,16.622,12,16.622s4.622-2.069,4.622-4.622S14.552,7.378,12,7.378z M12,15 c-1.657,0-3-1.343-3-3s1.343-3,3-3s3,1.343,3,3S13.657,15,12,15z M16.804,6.116c-0.596,0-1.08,0.484-1.08,1.08 s0.484,1.08,1.08,1.08c0.596,0,1.08-0.484,1.08-1.08S17.401,6.116,16.804,6.116z\"><\/path><\/svg><span class=\"wp-block-social-link-label screen-reader-text\">Instagram<\/span><\/a><\/li><\/ul>\n\n\n\n<div class=\"wp-block-group\"><div class=\"wp-block-group__inner-container is-layout-constrained wp-block-group-is-layout-constrained\">\n<div class=\"wp-block-columns alignwide are-vertically-aligned-center is-layout-flex wp-container-core-columns-is-layout-9d6595d7 wp-block-columns-is-layout-flex\">\n<div class=\"wp-block-column is-vertically-aligned-center is-layout-flow wp-block-column-is-layout-flow\" style=\"flex-basis:100%\"><\/div>\n<\/div>\n<\/div><\/div>\n\n\n\n<p><\/p>\n","protected":false},"excerpt":{"rendered":"<p>En juin 2025, 17 \u00e9tudiantes ont travaill\u00e9 et s\u00e9journ\u00e9 pendant une semaine au Domaine de la Tour du Bon (Agn\u00e8s Henry), au Castellet, au c\u0153ur de l&rsquo;appellation Bandol. Elles ont \u00e9galement utilis\u00e9 leur s\u00e9cateur dans les vignes de Ch\u00e2teau Pibarnon (Eric de Saint Victor) et de Ch\u00e2teau Canadel (Laure et Vianney Benoist). Au petit matin, [&hellip;]<\/p>\n","protected":false},"author":1,"featured_media":0,"parent":0,"menu_order":0,"comment_status":"closed","ping_status":"closed","template":"","meta":{"_seopress_robots_primary_cat":"","_seopress_titles_title":"","_seopress_titles_desc":"","_seopress_robots_index":"","ocean_post_layout":"","ocean_both_sidebars_style":"","ocean_both_sidebars_content_width":0,"ocean_both_sidebars_sidebars_width":0,"ocean_sidebar":"0","ocean_second_sidebar":"0","ocean_disable_margins":"enable","ocean_add_body_class":"","ocean_shortcode_before_top_bar":"","ocean_shortcode_after_top_bar":"","ocean_shortcode_before_header":"","ocean_shortcode_after_header":"","ocean_has_shortcode":"","ocean_shortcode_after_title":"","ocean_shortcode_before_footer_widgets":"","ocean_shortcode_after_footer_widgets":"","ocean_shortcode_before_footer_bottom":"","ocean_shortcode_after_footer_bottom":"","ocean_display_top_bar":"default","ocean_display_header":"default","ocean_header_style":"","ocean_center_header_left_menu":"0","ocean_custom_header_template":"0","ocean_custom_logo":0,"ocean_custom_retina_logo":0,"ocean_custom_logo_max_width":0,"ocean_custom_logo_tablet_max_width":0,"ocean_custom_logo_mobile_max_width":0,"ocean_custom_logo_max_height":0,"ocean_custom_logo_tablet_max_height":0,"ocean_custom_logo_mobile_max_height":0,"ocean_header_custom_menu":"0","ocean_menu_typo_font_family":"0","ocean_menu_typo_font_subset":"","ocean_menu_typo_font_size":0,"ocean_menu_typo_font_size_tablet":0,"ocean_menu_typo_font_size_mobile":0,"ocean_menu_typo_font_size_unit":"px","ocean_menu_typo_font_weight":"","ocean_menu_typo_font_weight_tablet":"","ocean_menu_typo_font_weight_mobile":"","ocean_menu_typo_transform":"","ocean_menu_typo_transform_tablet":"","ocean_menu_typo_transform_mobile":"","ocean_menu_typo_line_height":0,"ocean_menu_typo_line_height_tablet":0,"ocean_menu_typo_line_height_mobile":0,"ocean_menu_typo_line_height_unit":"","ocean_menu_typo_spacing":0,"ocean_menu_typo_spacing_tablet":0,"ocean_menu_typo_spacing_mobile":0,"ocean_menu_typo_spacing_unit":"","ocean_menu_link_color":"","ocean_menu_link_color_hover":"","ocean_menu_link_color_active":"","ocean_menu_link_background":"","ocean_menu_link_hover_background":"","ocean_menu_link_active_background":"","ocean_menu_social_links_bg":"","ocean_menu_social_hover_links_bg":"","ocean_menu_social_links_color":"","ocean_menu_social_hover_links_color":"","ocean_disable_title":"default","ocean_disable_heading":"default","ocean_post_title":"","ocean_post_subheading":"","ocean_post_title_style":"","ocean_post_title_background_color":"","ocean_post_title_background":0,"ocean_post_title_bg_image_position":"","ocean_post_title_bg_image_attachment":"","ocean_post_title_bg_image_repeat":"","ocean_post_title_bg_image_size":"","ocean_post_title_height":0,"ocean_post_title_bg_overlay":0.5,"ocean_post_title_bg_overlay_color":"","ocean_disable_breadcrumbs":"default","ocean_breadcrumbs_color":"","ocean_breadcrumbs_separator_color":"","ocean_breadcrumbs_links_color":"","ocean_breadcrumbs_links_hover_color":"","ocean_display_footer_widgets":"default","ocean_display_footer_bottom":"default","ocean_custom_footer_template":"0","footnotes":""},"class_list":["post-223","page","type-page","status-publish","hentry","entry"],"_links":{"self":[{"href":"https:\/\/bmv.sciencespo-lille.eu\/index.php\/wp-json\/wp\/v2\/pages\/223","targetHints":{"allow":["GET"]}}],"collection":[{"href":"https:\/\/bmv.sciencespo-lille.eu\/index.php\/wp-json\/wp\/v2\/pages"}],"about":[{"href":"https:\/\/bmv.sciencespo-lille.eu\/index.php\/wp-json\/wp\/v2\/types\/page"}],"author":[{"embeddable":true,"href":"https:\/\/bmv.sciencespo-lille.eu\/index.php\/wp-json\/wp\/v2\/users\/1"}],"replies":[{"embeddable":true,"href":"https:\/\/bmv.sciencespo-lille.eu\/index.php\/wp-json\/wp\/v2\/comments?post=223"}],"version-history":[{"count":10,"href":"https:\/\/bmv.sciencespo-lille.eu\/index.php\/wp-json\/wp\/v2\/pages\/223\/revisions"}],"predecessor-version":[{"id":632,"href":"https:\/\/bmv.sciencespo-lille.eu\/index.php\/wp-json\/wp\/v2\/pages\/223\/revisions\/632"}],"wp:attachment":[{"href":"https:\/\/bmv.sciencespo-lille.eu\/index.php\/wp-json\/wp\/v2\/media?parent=223"}],"curies":[{"name":"wp","href":"https:\/\/api.w.org\/{rel}","templated":true}]}}