{"id":44,"date":"2020-11-16T16:16:08","date_gmt":"2020-11-16T15:16:08","guid":{"rendered":"http:\/\/bmv.sciencespo-lille.eu\/?page_id=44"},"modified":"2025-12-12T12:59:05","modified_gmt":"2025-12-12T11:59:05","slug":"les-stages-et-linsertion-professionnelle","status":"publish","type":"page","link":"https:\/\/bmv.sciencespo-lille.eu\/index.php\/les-stages-et-linsertion-professionnelle\/","title":{"rendered":"L&rsquo;alternance et l&rsquo;insertion professionnelle"},"content":{"rendered":"\n<h2 class=\"wp-block-heading\">Boire, Manger, Vivre en alternance<\/h2>\n\n\n\n<p>L&rsquo;apprentissage alterne des <strong>p\u00e9riodes de cours \u00e0 Sciences Po Lille<\/strong> (formation th\u00e9orique) et des <strong>p\u00e9riodes au sein d&rsquo;une organisation<\/strong> (formation pratique), dans le cadre d&rsquo;un contrat de travail sp\u00e9cifique et selon un calendrier pr\u00e9d\u00e9fini.<\/p>\n\n\n\n<p><strong>Rythme de l&rsquo;alternance en BMV<\/strong> : <\/p>\n\n\n\n<ul class=\"wp-block-list\">\n<li><strong>2 jours<\/strong>&nbsp;\u00e0 Sciences Po Lille (lundi, mardi)<\/li>\n\n\n\n<li><strong>3 jours<\/strong>&nbsp;dans l\u2019organisme d&rsquo;accueil (mercredi, jeudi, vendredi)<\/li>\n<\/ul>\n\n\n\n<p>Ce rythme permet une bonne int\u00e9gration des \u00e9tudiantes et des \u00e9tudiants au sein des \u00e9quipes et des projets et les place en situation professionnelle r\u00e9elle.<\/p>\n\n\n\n<p>Les p\u00e9riodes de formation \u00e0 Sciences Po Lille permettent aux \u00e9tudiantes et aux \u00e9tudiants de compl\u00e9ter leur exp\u00e9rience pratique en la confrontant \u00e0 des r\u00e9flexions et \u00e0 des \u00e9tudes de cas qui leur sont pr\u00e9sent\u00e9es en cours par des intervenantes et intervenants professionnels et des enseignantes et enseignants-chercheurs.<\/p>\n\n\n\n<p>La formation en alternance au sein de la majeure BMV permet de d\u00e9couvrir les m\u00e9tiers sur une longue p\u00e9riode, sur le terrain, au plus pr\u00e8s des r\u00e9alit\u00e9s professionnelles du secteur de l&rsquo;alimentation. L&rsquo;accompagnement par un ma\u00eetre ou une ma\u00eetresse d&rsquo;apprentissage (en entreprise) et un tuteur ou une tutrice (\u00e0 Sciences Po Lille) vous aide \u00e0 d\u00e9couvrir et \u00e0 valoriser vos comp\u00e9tences au cours de cette exp\u00e9rience.<\/p>\n\n\n\n<div style=\"height:30px\" aria-hidden=\"true\" class=\"wp-block-spacer\"><\/div>\n\n\n\n<p><strong>Calendrier d\u2019alternance 2025-2026&nbsp;<\/strong>pour la majeure BMV :<\/p>\n\n\n<a href=\"https:\/\/bmv.sciencespo-lille.eu\/wp-content\/uploads\/2025\/06\/Calendrier-BMV-2025-26.pdf\" class=\"pdfemb-viewer\" style=\"\" data-width=\"max\" data-height=\"max\" data-toolbar=\"bottom\" data-toolbar-fixed=\"off\">Calendrier-BMV-2025-26<\/a>\n\n\n<div style=\"height:44px\" aria-hidden=\"true\" class=\"wp-block-spacer\"><\/div>\n\n\n\n<h2 class=\"wp-block-heading\">Exemples d&rsquo;entreprises et d&rsquo;organisations qui accueillent les alternants et alternantes<\/h2>\n\n\n\n<ul class=\"wp-block-list\">\n<li><strong>Communication et m\u00e9dias <\/strong>: Alimentation G\u00e9n\u00e9rale, Sublimeurs, Le Fooding, Ecotable, Chefs, France Inter, Paris Premi\u00e8re, Gault et Millau<\/li>\n\n\n\n<li><strong>Politiques publiques<\/strong> : M\u00e9tropole europ\u00e9enne de Lille, Agence de d\u00e9veloppement et d&rsquo;urbanisme de Lille, Mission Fran\u00e7aise du Patrimoine et des Cultures Alimentaires, PAT du P\u00e9v\u00e8le, Conseil r\u00e9gional Hauts-de-France, INAO, &nbsp;A Pro Bio !<\/li>\n\n\n\n<li><strong>Conseil et d\u00e9veloppement<\/strong>\u00a0: Haut La consigne, L&rsquo;\u00e9chap\u00e9e Bi\u00e8re, Merci Raymond !, Service Compris, Qualimentaire, Reussette, Business France,\u00a0Sodexo, Euralimentaire, March\u00e9 international de Rungis<\/li>\n\n\n\n<li><strong>Vins et gastronomie<\/strong> : Vins et volailles, Champagne Esterlin, Mo\u00ebt-Hennessy, Florent Ladeyn (Auberge du Vert-Mont), Chlo\u00e9 Charles (Lago !) Maison Dehesa, Alb\u00e9, Chocolat Encuentro, PLAQ Chocolat, Manon Fleury (Datil), Raisin (vins naturels), Lille Tables et Toques, Brasseries La Nouvelle Garde<\/li>\n\n\n\n<li><strong>\u00c9conomie sociale et solidaire<\/strong> <strong>(inclusion, insertion, \u00e9ducation)<\/strong> : Le RECHO, 1000 caf\u00e9s, Jardins de Cocagne, La tabl\u00e9e des chefs, L\u2019\u00e9cole comestible, VRAC<\/li>\n\n\n\n<li><strong>Food Tech<\/strong> : Fairme<\/li>\n\n\n\n<li><strong>Agroalimentaire<\/strong> : Bonduelle&nbsp;<\/li>\n<\/ul>\n\n\n\n<hr class=\"wp-block-separator has-text-color has-css-opacity has-background is-style-wide\" style=\"background-color:#e6e6e6;color:#e6e6e6\"\/>\n\n\n\n<p>Les \u00e9tudiantes et les \u00e9tudiants de Sciences Po Lille peuvent consulter <strong>l&rsquo;historique des stages<\/strong> via la plateforme des Alumni : <\/p>\n\n\n\n<div class=\"wp-block-buttons is-content-justification-center is-layout-flex wp-container-core-buttons-is-layout-16018d1d wp-block-buttons-is-layout-flex\">\n<div class=\"wp-block-button is-style-fill\"><a class=\"wp-block-button__link has-white-color has-text-color has-background wp-element-button\" href=\"https:\/\/alumni.sciencespo-lille.eu\/page\/historique-des-stages\" style=\"background-color:#ff8c94\" target=\"_blank\" rel=\"noreferrer noopener\">Historique des stages<\/a><\/div>\n<\/div>\n\n\n\n<div style=\"height:30px\" aria-hidden=\"true\" class=\"wp-block-spacer\"><\/div>\n\n\n\n<p>Retrouvez \u00e9galement la <strong>liste des offres de stages et d&#8217;emplois<\/strong> :<\/p>\n\n\n\n<div class=\"wp-block-buttons is-content-justification-center is-layout-flex wp-container-core-buttons-is-layout-16018d1d wp-block-buttons-is-layout-flex\">\n<div class=\"wp-block-button\"><a class=\"wp-block-button__link has-white-color has-text-color has-background wp-element-button\" href=\"https:\/\/alumni.sciencespo-lille.eu\/jobboard?page=1\" style=\"background-color:#ff8c94\" target=\"_blank\" rel=\"noreferrer noopener\">Offres de stage et d&#8217;emploi<\/a><\/div>\n<\/div>\n\n\n\n<div style=\"height:30px\" aria-hidden=\"true\" class=\"wp-block-spacer\"><\/div>\n\n\n\n<p>Pour plus d&rsquo;informations sur les stages \u00e0 Sciences Po Lille et l&rsquo;insertion professionnelle, consultez le <strong>Guide des stages<\/strong> de la plateforme des Alumni :<\/p>\n\n\n\n<div class=\"wp-block-buttons is-content-justification-center is-layout-flex wp-container-core-buttons-is-layout-16018d1d wp-block-buttons-is-layout-flex\">\n<div class=\"wp-block-button\"><a class=\"wp-block-button__link has-white-color has-text-color has-background wp-element-button\" href=\"https:\/\/alumni.sciencespo-lille.eu\/page\/guide-des-stages-1\" style=\"background-color:#ff8c94\" target=\"_blank\" rel=\"noreferrer noopener\">Guide des stages<\/a><\/div>\n<\/div>\n\n\n\n<p><\/p>\n\n\n\n<p>Les \u00e9tudiantes et les \u00e9tudiants de la majeure ont \u00e9galement l\u2019opportunit\u00e9 de passer le premier niveau du <strong>Wine &amp; Spirit Education Trust (WSET)<\/strong>, certification internationale renomm\u00e9e du domaine des vins et spiritueux. <\/p>\n\n\n\n<p><\/p>\n","protected":false},"excerpt":{"rendered":"<p>Boire, Manger, Vivre en alternance L&rsquo;apprentissage alterne des p\u00e9riodes de cours \u00e0 Sciences Po Lille (formation th\u00e9orique) et des p\u00e9riodes au sein d&rsquo;une organisation (formation pratique), dans le cadre d&rsquo;un contrat de travail sp\u00e9cifique et selon un calendrier pr\u00e9d\u00e9fini. Rythme de l&rsquo;alternance en BMV : Ce rythme permet une bonne int\u00e9gration des \u00e9tudiantes et des [&hellip;]<\/p>\n","protected":false},"author":1,"featured_media":0,"parent":0,"menu_order":0,"comment_status":"closed","ping_status":"closed","template":"","meta":{"_seopress_robots_primary_cat":"","_seopress_titles_title":"","_seopress_titles_desc":"","_seopress_robots_index":"","ocean_post_layout":"","ocean_both_sidebars_style":"","ocean_both_sidebars_content_width":0,"ocean_both_sidebars_sidebars_width":0,"ocean_sidebar":"0","ocean_second_sidebar":"0","ocean_disable_margins":"enable","ocean_add_body_class":"","ocean_shortcode_before_top_bar":"","ocean_shortcode_after_top_bar":"","ocean_shortcode_before_header":"","ocean_shortcode_after_header":"","ocean_has_shortcode":"","ocean_shortcode_after_title":"","ocean_shortcode_before_footer_widgets":"","ocean_shortcode_after_footer_widgets":"","ocean_shortcode_before_footer_bottom":"","ocean_shortcode_after_footer_bottom":"","ocean_display_top_bar":"default","ocean_display_header":"default","ocean_header_style":"","ocean_center_header_left_menu":"0","ocean_custom_header_template":"0","ocean_custom_logo":0,"ocean_custom_retina_logo":0,"ocean_custom_logo_max_width":0,"ocean_custom_logo_tablet_max_width":0,"ocean_custom_logo_mobile_max_width":0,"ocean_custom_logo_max_height":0,"ocean_custom_logo_tablet_max_height":0,"ocean_custom_logo_mobile_max_height":0,"ocean_header_custom_menu":"0","ocean_menu_typo_font_family":"0","ocean_menu_typo_font_subset":"","ocean_menu_typo_font_size":0,"ocean_menu_typo_font_size_tablet":0,"ocean_menu_typo_font_size_mobile":0,"ocean_menu_typo_font_size_unit":"px","ocean_menu_typo_font_weight":"","ocean_menu_typo_font_weight_tablet":"","ocean_menu_typo_font_weight_mobile":"","ocean_menu_typo_transform":"","ocean_menu_typo_transform_tablet":"","ocean_menu_typo_transform_mobile":"","ocean_menu_typo_line_height":0,"ocean_menu_typo_line_height_tablet":0,"ocean_menu_typo_line_height_mobile":0,"ocean_menu_typo_line_height_unit":"","ocean_menu_typo_spacing":0,"ocean_menu_typo_spacing_tablet":0,"ocean_menu_typo_spacing_mobile":0,"ocean_menu_typo_spacing_unit":"","ocean_menu_link_color":"","ocean_menu_link_color_hover":"","ocean_menu_link_color_active":"","ocean_menu_link_background":"","ocean_menu_link_hover_background":"","ocean_menu_link_active_background":"","ocean_menu_social_links_bg":"","ocean_menu_social_hover_links_bg":"","ocean_menu_social_links_color":"","ocean_menu_social_hover_links_color":"","ocean_disable_title":"default","ocean_disable_heading":"default","ocean_post_title":"","ocean_post_subheading":"","ocean_post_title_style":"","ocean_post_title_background_color":"","ocean_post_title_background":0,"ocean_post_title_bg_image_position":"","ocean_post_title_bg_image_attachment":"","ocean_post_title_bg_image_repeat":"","ocean_post_title_bg_image_size":"","ocean_post_title_height":0,"ocean_post_title_bg_overlay":0.5,"ocean_post_title_bg_overlay_color":"","ocean_disable_breadcrumbs":"default","ocean_breadcrumbs_color":"","ocean_breadcrumbs_separator_color":"","ocean_breadcrumbs_links_color":"","ocean_breadcrumbs_links_hover_color":"","ocean_display_footer_widgets":"default","ocean_display_footer_bottom":"default","ocean_custom_footer_template":"0","footnotes":""},"class_list":["post-44","page","type-page","status-publish","hentry","entry"],"_links":{"self":[{"href":"https:\/\/bmv.sciencespo-lille.eu\/index.php\/wp-json\/wp\/v2\/pages\/44","targetHints":{"allow":["GET"]}}],"collection":[{"href":"https:\/\/bmv.sciencespo-lille.eu\/index.php\/wp-json\/wp\/v2\/pages"}],"about":[{"href":"https:\/\/bmv.sciencespo-lille.eu\/index.php\/wp-json\/wp\/v2\/types\/page"}],"author":[{"embeddable":true,"href":"https:\/\/bmv.sciencespo-lille.eu\/index.php\/wp-json\/wp\/v2\/users\/1"}],"replies":[{"embeddable":true,"href":"https:\/\/bmv.sciencespo-lille.eu\/index.php\/wp-json\/wp\/v2\/comments?post=44"}],"version-history":[{"count":28,"href":"https:\/\/bmv.sciencespo-lille.eu\/index.php\/wp-json\/wp\/v2\/pages\/44\/revisions"}],"predecessor-version":[{"id":633,"href":"https:\/\/bmv.sciencespo-lille.eu\/index.php\/wp-json\/wp\/v2\/pages\/44\/revisions\/633"}],"wp:attachment":[{"href":"https:\/\/bmv.sciencespo-lille.eu\/index.php\/wp-json\/wp\/v2\/media?parent=44"}],"curies":[{"name":"wp","href":"https:\/\/api.w.org\/{rel}","templated":true}]}}