{"id":511,"date":"2023-12-01T13:27:47","date_gmt":"2023-12-01T12:27:47","guid":{"rendered":"https:\/\/bmv.sciencespo-lille.eu\/?page_id=511"},"modified":"2023-12-01T14:03:38","modified_gmt":"2023-12-01T13:03:38","slug":"projets-et-realisations-detudiants-et-detudiantes-2","status":"publish","type":"page","link":"https:\/\/bmv.sciencespo-lille.eu\/index.php\/projets-et-realisations-detudiants-et-detudiantes-2\/","title":{"rendered":"Projets et r\u00e9alisations d\u2019\u00e9tudiantes et d\u2019\u00e9tudiants"},"content":{"rendered":"\n<div style=\"height:26px\" aria-hidden=\"true\" class=\"wp-block-spacer\"><\/div>\n\n\n\n<p>En dehors des voyages d&rsquo;\u00e9tude et des partenariats, les \u00e9tudiantes et \u00e9tudiants passent :<\/p>\n\n\n\n<ul class=\"wp-block-list\">\n<li><strong>Le niveau 1 du WSET (Wine and Spirit Education Trust) en vins<\/strong>&nbsp;<\/li>\n<\/ul>\n\n\n\n<p>Les principaux types et styles de vin, les c\u00e9pages les plus courants et leurs caract\u00e9ristiques, la conservation du vin, les grands principes de l&rsquo;accord mets et vins<\/p>\n\n\n\n<ul class=\"wp-block-list\">\n<li><strong>Le niveau 1 du WSET (Wine and Spirit Education Trust) en spiritueux&nbsp;<\/strong><\/li>\n<\/ul>\n\n\n\n<p>Les principes de base de la production de spiritueux, les principaux types et styles de spiritueux, le service des spiritueux, les facteurs qui influent sur la saveur des spiritueux<\/p>\n\n\n\n<div style=\"height:13px\" aria-hidden=\"true\" class=\"wp-block-spacer\"><\/div>\n\n\n\n<p>La \u00ab\u00a0vie en BMV\u00a0\u00bb est aussi rythm\u00e9e par de nombreuses visites chez les artisans et producteurs. Nous pouvons citer le mara\u00eechage en permaculture <em>Les Mains Noires<\/em>; le restaurant deux \u00e9toiles Michelin <em>La Grenouill\u00e8re<\/em>\u00a0du chef Alexandre Gauthier; Caf\u00e9s Muda; Maison de chocolat Encuentro; Meert; La ferme du Beau Pays; Brasserie Motte-Cordonnier; Les Camionneuses; etc.<\/p>\n","protected":false},"excerpt":{"rendered":"<p>En dehors des voyages d&rsquo;\u00e9tude et des partenariats, les \u00e9tudiantes et \u00e9tudiants passent : Les principaux types et styles de vin, les c\u00e9pages les plus courants et leurs caract\u00e9ristiques, la conservation du vin, les grands principes de l&rsquo;accord mets et vins Les principes de base de la production de spiritueux, les principaux types et styles [&hellip;]<\/p>\n","protected":false},"author":1,"featured_media":0,"parent":0,"menu_order":0,"comment_status":"closed","ping_status":"closed","template":"","meta":{"_seopress_robots_primary_cat":"","_seopress_titles_title":"","_seopress_titles_desc":"","_seopress_robots_index":"","ocean_post_layout":"","ocean_both_sidebars_style":"","ocean_both_sidebars_content_width":0,"ocean_both_sidebars_sidebars_width":0,"ocean_sidebar":"0","ocean_second_sidebar":"0","ocean_disable_margins":"enable","ocean_add_body_class":"","ocean_shortcode_before_top_bar":"","ocean_shortcode_after_top_bar":"","ocean_shortcode_before_header":"","ocean_shortcode_after_header":"","ocean_has_shortcode":"","ocean_shortcode_after_title":"","ocean_shortcode_before_footer_widgets":"","ocean_shortcode_after_footer_widgets":"","ocean_shortcode_before_footer_bottom":"","ocean_shortcode_after_footer_bottom":"","ocean_display_top_bar":"default","ocean_display_header":"default","ocean_header_style":"","ocean_center_header_left_menu":"0","ocean_custom_header_template":"0","ocean_custom_logo":0,"ocean_custom_retina_logo":0,"ocean_custom_logo_max_width":0,"ocean_custom_logo_tablet_max_width":0,"ocean_custom_logo_mobile_max_width":0,"ocean_custom_logo_max_height":0,"ocean_custom_logo_tablet_max_height":0,"ocean_custom_logo_mobile_max_height":0,"ocean_header_custom_menu":"0","ocean_menu_typo_font_family":"0","ocean_menu_typo_font_subset":"","ocean_menu_typo_font_size":0,"ocean_menu_typo_font_size_tablet":0,"ocean_menu_typo_font_size_mobile":0,"ocean_menu_typo_font_size_unit":"px","ocean_menu_typo_font_weight":"","ocean_menu_typo_font_weight_tablet":"","ocean_menu_typo_font_weight_mobile":"","ocean_menu_typo_transform":"","ocean_menu_typo_transform_tablet":"","ocean_menu_typo_transform_mobile":"","ocean_menu_typo_line_height":0,"ocean_menu_typo_line_height_tablet":0,"ocean_menu_typo_line_height_mobile":0,"ocean_menu_typo_line_height_unit":"","ocean_menu_typo_spacing":0,"ocean_menu_typo_spacing_tablet":0,"ocean_menu_typo_spacing_mobile":0,"ocean_menu_typo_spacing_unit":"","ocean_menu_link_color":"","ocean_menu_link_color_hover":"","ocean_menu_link_color_active":"","ocean_menu_link_background":"","ocean_menu_link_hover_background":"","ocean_menu_link_active_background":"","ocean_menu_social_links_bg":"","ocean_menu_social_hover_links_bg":"","ocean_menu_social_links_color":"","ocean_menu_social_hover_links_color":"","ocean_disable_title":"default","ocean_disable_heading":"default","ocean_post_title":"","ocean_post_subheading":"","ocean_post_title_style":"","ocean_post_title_background_color":"","ocean_post_title_background":0,"ocean_post_title_bg_image_position":"","ocean_post_title_bg_image_attachment":"","ocean_post_title_bg_image_repeat":"","ocean_post_title_bg_image_size":"","ocean_post_title_height":0,"ocean_post_title_bg_overlay":0.5,"ocean_post_title_bg_overlay_color":"","ocean_disable_breadcrumbs":"default","ocean_breadcrumbs_color":"","ocean_breadcrumbs_separator_color":"","ocean_breadcrumbs_links_color":"","ocean_breadcrumbs_links_hover_color":"","ocean_display_footer_widgets":"default","ocean_display_footer_bottom":"default","ocean_custom_footer_template":"0","footnotes":""},"class_list":["post-511","page","type-page","status-publish","hentry","entry"],"_links":{"self":[{"href":"https:\/\/bmv.sciencespo-lille.eu\/index.php\/wp-json\/wp\/v2\/pages\/511","targetHints":{"allow":["GET"]}}],"collection":[{"href":"https:\/\/bmv.sciencespo-lille.eu\/index.php\/wp-json\/wp\/v2\/pages"}],"about":[{"href":"https:\/\/bmv.sciencespo-lille.eu\/index.php\/wp-json\/wp\/v2\/types\/page"}],"author":[{"embeddable":true,"href":"https:\/\/bmv.sciencespo-lille.eu\/index.php\/wp-json\/wp\/v2\/users\/1"}],"replies":[{"embeddable":true,"href":"https:\/\/bmv.sciencespo-lille.eu\/index.php\/wp-json\/wp\/v2\/comments?post=511"}],"version-history":[{"count":7,"href":"https:\/\/bmv.sciencespo-lille.eu\/index.php\/wp-json\/wp\/v2\/pages\/511\/revisions"}],"predecessor-version":[{"id":529,"href":"https:\/\/bmv.sciencespo-lille.eu\/index.php\/wp-json\/wp\/v2\/pages\/511\/revisions\/529"}],"wp:attachment":[{"href":"https:\/\/bmv.sciencespo-lille.eu\/index.php\/wp-json\/wp\/v2\/media?parent=511"}],"curies":[{"name":"wp","href":"https:\/\/api.w.org\/{rel}","templated":true}]}}