{"id":69,"date":"2020-11-16T17:28:43","date_gmt":"2020-11-16T16:28:43","guid":{"rendered":"http:\/\/bmv.sciencespo-lille.eu\/?page_id=69"},"modified":"2022-11-16T16:22:06","modified_gmt":"2022-11-16T15:22:06","slug":"temoignages-detudiants-et-detudiants-en-bmv","status":"publish","type":"page","link":"https:\/\/bmv.sciencespo-lille.eu\/index.php\/temoignages-detudiants-et-detudiants-en-bmv\/","title":{"rendered":"T\u00e9moignages d&rsquo;\u00e9tudiantes et d&rsquo;\u00e9tudiants en BMV"},"content":{"rendered":"\n<figure><img decoding=\"async\" src=\"http:\/\/bmv.sciencespo-lille.eu\/wp-content\/uploads\/2020\/12\/130484018_204313401234366_747201809495754416_n.png\" alt=\"\" width=\"142\" height=\"142\" \/><\/figure>\n\n\n\n<p class=\"has-text-align-center\"><\/p>\n\n\n<p><p class=\"responsive-video-wrap clr\"><iframe title=\"Cycle master - majeure &quot;Boire, manger, vivre&quot; (BMV)\" width=\"1200\" height=\"675\" src=\"https:\/\/www.youtube.com\/embed\/FYjSkV6xGGo?feature=oembed\" frameborder=\"0\" allow=\"accelerometer; autoplay; clipboard-write; encrypted-media; gyroscope; picture-in-picture\" allowfullscreen><\/iframe><\/p><\/p>\n\n\n<hr class=\"wp-block-separator has-alpha-channel-opacity\"\/>\n\n\n\n<p style=\"font-size:18px\"><strong>Cl\u00e9mence Ricart<\/strong>, promotion 2023 (Denis Mukwege)<\/p>\n\n\n\n<p><strong>Pourquoi avez-vous choisi cette majeure ?<\/strong><\/p>\n\n\n\n<blockquote class=\"wp-block-quote is-layout-flow wp-block-quote-is-layout-flow\">\n<p>\u201cJ&rsquo;ai d\u00e9couvert cette majeure lors du Campus Virtuel pendant ma 3A. Les enjeux autour de l&rsquo;alimentation m&rsquo;int\u00e9ressaient et le cours du campus m&rsquo;a compl\u00e8tement convaincue : c&rsquo;\u00e9tait la premi\u00e8re fois que j&rsquo;avais l&rsquo;impression de ne pas travailler, mais tout simplement de d\u00e9couvrir un monde qui me passionnait.\u00a0<\/p>\n\n\n\n<p>Cette majeure rassemble tout ce qui me passionne :\u00a0le monde de la \u00ab\u00a0food\u00a0\u00bb (cet anglicisme ne me pla\u00eet pas vraiment mais ce mot est beaucoup plus englobant que le mot \u00ab\u00a0alimentation\u00a0\u00bb) est un monde qui me passionne. Comment mangerons-nous demain ? Que mangerons-nous demain ? Ce sont des questions qui m&rsquo;animent au quotidien et qui m\u00e9ritent toute notre attention, toute notre r\u00e9flexion. C&rsquo;est une majeure o\u00f9 l&rsquo;on peut se questionner autour des enjeux actuels, notamment environnementaux, culturels, patrimoniaux&#8230;\u00a0\u201d<\/p>\n<\/blockquote>\n\n\n\n<p><strong>Qu&rsquo;est-ce qui vous pla\u00eet le plus ?<\/strong><\/p>\n\n\n\n<blockquote class=\"wp-block-quote is-layout-flow wp-block-quote-is-layout-flow\">\n<p>\u201cCette majeure est formidable pour diff\u00e9rentes raisons : d&rsquo;abord, la diversit\u00e9 et la qualit\u00e9 des cours. Nous sommes tr\u00e8s chanceux.ses d&rsquo;avoir des intervenant.es aussi passionnant.es et aussi pointu.es. C&rsquo;est toujours un plaisir d&rsquo;aller en cours. J&rsquo;ai eu un vrai coup de c\u0153ur pour le cours des cultures alimentaires de Sandrine Ruhlmann en 4A. Elle nous a pr\u00e9sent\u00e9 la culture alimentaire mongole pendant 18h, c&rsquo;\u00e9tait captivant.\u00a0<\/p>\n\n\n\n<p>Cette majeure est aussi l&rsquo;une des seules (si ce n&rsquo;est la seule) \u00e0 m\u00ealer \u00e0 la fois cours acad\u00e9miques et cours pratiques. Nous passons des cours d&rsquo;histoire de l&rsquo;alimentation, de sociologie des comportements alimentaires, de droit de la s\u00e9curit\u00e9 alimentaire \u00e0 des cours tr\u00e8s pratiques de cuisine et de d\u00e9gustation de vin. Quel enrichissement !\u201d<\/p>\n<\/blockquote>\n\n\n\n<p><strong>Qu&rsquo;est-ce que cette formation vous a apport\u00e9 ?<\/strong><\/p>\n\n\n\n<blockquote class=\"wp-block-quote is-layout-flow wp-block-quote-is-layout-flow\">\n<p>\u201cCette formation m&rsquo;a permis de d\u00e9velopper une v\u00e9ritable culture autour des mondes alimentaires et des enjeux actuels et tr\u00e8s vari\u00e9s (quelques exemples : la viande cellulaire, la gastrodiplomatie, l&rsquo;agro-\u00e9cologie). D&rsquo;ailleurs, l&rsquo;alternance me donne la chance d&rsquo;utiliser au quotidien les sujets d\u00e9velopp\u00e9s auparavant en cours. Je r\u00e9alise mon alternance dans une entreprise de conseil des acteurs brassicoles et pourtant, il m&rsquo;arrive r\u00e9guli\u00e8rement de devoir parler de cuisine v\u00e9g\u00e9tale, d&rsquo;agriculture biologique et de consigne. La majeure Boire, Manger, Vivre m&rsquo;a donn\u00e9 la chance d&rsquo;aborder toute cette diversit\u00e9 de sujet.<\/p>\n\n\n\n<p>En bref, la majeure Boire, Manger, Vivre est passionnante et au c\u0153ur des enjeux actuels.\u201d<\/p>\n<\/blockquote>\n","protected":false},"excerpt":{"rendered":"<p>Cl\u00e9mence Ricart, promotion 2023 (Denis Mukwege) Pourquoi avez-vous choisi cette majeure ? \u201cJ&rsquo;ai d\u00e9couvert cette majeure lors du Campus Virtuel pendant ma 3A. Les enjeux autour de l&rsquo;alimentation m&rsquo;int\u00e9ressaient et le cours du campus m&rsquo;a compl\u00e8tement convaincue : c&rsquo;\u00e9tait la premi\u00e8re fois que j&rsquo;avais l&rsquo;impression de ne pas travailler, mais tout simplement de d\u00e9couvrir un [&hellip;]<\/p>\n","protected":false},"author":1,"featured_media":0,"parent":0,"menu_order":0,"comment_status":"closed","ping_status":"closed","template":"","meta":{"_seopress_robots_primary_cat":"","_seopress_titles_title":"","_seopress_titles_desc":"","_seopress_robots_index":"","ocean_post_layout":"","ocean_both_sidebars_style":"","ocean_both_sidebars_content_width":0,"ocean_both_sidebars_sidebars_width":0,"ocean_sidebar":"0","ocean_second_sidebar":"0","ocean_disable_margins":"enable","ocean_add_body_class":"","ocean_shortcode_before_top_bar":"","ocean_shortcode_after_top_bar":"","ocean_shortcode_before_header":"","ocean_shortcode_after_header":"","ocean_has_shortcode":"","ocean_shortcode_after_title":"","ocean_shortcode_before_footer_widgets":"","ocean_shortcode_after_footer_widgets":"","ocean_shortcode_before_footer_bottom":"","ocean_shortcode_after_footer_bottom":"","ocean_display_top_bar":"default","ocean_display_header":"default","ocean_header_style":"","ocean_center_header_left_menu":"0","ocean_custom_header_template":"0","ocean_custom_logo":0,"ocean_custom_retina_logo":0,"ocean_custom_logo_max_width":0,"ocean_custom_logo_tablet_max_width":0,"ocean_custom_logo_mobile_max_width":0,"ocean_custom_logo_max_height":0,"ocean_custom_logo_tablet_max_height":0,"ocean_custom_logo_mobile_max_height":0,"ocean_header_custom_menu":"0","ocean_menu_typo_font_family":"0","ocean_menu_typo_font_subset":"","ocean_menu_typo_font_size":0,"ocean_menu_typo_font_size_tablet":0,"ocean_menu_typo_font_size_mobile":0,"ocean_menu_typo_font_size_unit":"px","ocean_menu_typo_font_weight":"","ocean_menu_typo_font_weight_tablet":"","ocean_menu_typo_font_weight_mobile":"","ocean_menu_typo_transform":"","ocean_menu_typo_transform_tablet":"","ocean_menu_typo_transform_mobile":"","ocean_menu_typo_line_height":0,"ocean_menu_typo_line_height_tablet":0,"ocean_menu_typo_line_height_mobile":0,"ocean_menu_typo_line_height_unit":"","ocean_menu_typo_spacing":0,"ocean_menu_typo_spacing_tablet":0,"ocean_menu_typo_spacing_mobile":0,"ocean_menu_typo_spacing_unit":"","ocean_menu_link_color":"","ocean_menu_link_color_hover":"","ocean_menu_link_color_active":"","ocean_menu_link_background":"","ocean_menu_link_hover_background":"","ocean_menu_link_active_background":"","ocean_menu_social_links_bg":"","ocean_menu_social_hover_links_bg":"","ocean_menu_social_links_color":"","ocean_menu_social_hover_links_color":"","ocean_disable_title":"default","ocean_disable_heading":"default","ocean_post_title":"","ocean_post_subheading":"","ocean_post_title_style":"","ocean_post_title_background_color":"","ocean_post_title_background":0,"ocean_post_title_bg_image_position":"","ocean_post_title_bg_image_attachment":"","ocean_post_title_bg_image_repeat":"","ocean_post_title_bg_image_size":"","ocean_post_title_height":0,"ocean_post_title_bg_overlay":0.5,"ocean_post_title_bg_overlay_color":"","ocean_disable_breadcrumbs":"default","ocean_breadcrumbs_color":"","ocean_breadcrumbs_separator_color":"","ocean_breadcrumbs_links_color":"","ocean_breadcrumbs_links_hover_color":"","ocean_display_footer_widgets":"default","ocean_display_footer_bottom":"default","ocean_custom_footer_template":"0","footnotes":""},"class_list":["post-69","page","type-page","status-publish","hentry","entry"],"_links":{"self":[{"href":"https:\/\/bmv.sciencespo-lille.eu\/index.php\/wp-json\/wp\/v2\/pages\/69","targetHints":{"allow":["GET"]}}],"collection":[{"href":"https:\/\/bmv.sciencespo-lille.eu\/index.php\/wp-json\/wp\/v2\/pages"}],"about":[{"href":"https:\/\/bmv.sciencespo-lille.eu\/index.php\/wp-json\/wp\/v2\/types\/page"}],"author":[{"embeddable":true,"href":"https:\/\/bmv.sciencespo-lille.eu\/index.php\/wp-json\/wp\/v2\/users\/1"}],"replies":[{"embeddable":true,"href":"https:\/\/bmv.sciencespo-lille.eu\/index.php\/wp-json\/wp\/v2\/comments?post=69"}],"version-history":[{"count":15,"href":"https:\/\/bmv.sciencespo-lille.eu\/index.php\/wp-json\/wp\/v2\/pages\/69\/revisions"}],"predecessor-version":[{"id":430,"href":"https:\/\/bmv.sciencespo-lille.eu\/index.php\/wp-json\/wp\/v2\/pages\/69\/revisions\/430"}],"wp:attachment":[{"href":"https:\/\/bmv.sciencespo-lille.eu\/index.php\/wp-json\/wp\/v2\/media?parent=69"}],"curies":[{"name":"wp","href":"https:\/\/api.w.org\/{rel}","templated":true}]}}